{"id":2044,"date":"2018-04-24T15:03:32","date_gmt":"2018-04-24T13:03:32","guid":{"rendered":"https:\/\/unterthurnerhof.com\/impressum\/"},"modified":"2024-09-24T15:19:25","modified_gmt":"2024-09-24T13:19:25","slug":"note-legali","status":"publish","type":"page","link":"https:\/\/unterthurnerhof.com\/it\/note-legali\/","title":{"rendered":"Note legali"},"content":{"rendered":"<h3>Note legali<\/h3>\n<p>&nbsp;<\/p>\n<p><strong>Proprietario e editore<\/strong><\/p>\n<p>Fam. Unterthurner<br \/>\nUnterthurnerhof<br \/>\n\u201cAusserzaisolthof\u201d<br \/>\nvia Vernurio 21<br \/>\n39010 Rifiano\/Vernurio<br \/>\nTelefono +39 0473 42 82 46<br \/>\nCellulare +39 345 811 49 18<br \/>\n<a href=\"mailto:info@unterthurnerhof.com\">info@unterthurnerhof.com<\/a><\/p>\n<p>IVA: 00764760211<br \/>\nCodice fiscale: NTR GRG 75L28F132X<br \/>\nHandelskammer: CCIAA-NREA:BZ-164729<br \/>\nCodex: 7035UR5<br \/>\nCIN: IT021073B5TZWR6G3E<\/p>\n<p>&nbsp;<\/p>\n<p><strong>Webdesign e programmazione<\/strong><\/p>\n<p>fahrner | web . grafik \u2013\u00a0<a href=\"http:\/\/www.fahrner.it\" target=\"_blank\" rel=\"noopener noreferrer\">www.fahrner.it<\/a><\/p>\n<p><strong>\u00a0<\/strong><\/p>\n<p><strong>Photo credit<\/strong><\/p>\n<ul>\n<li>Immagini casa e appartamenti:<br \/>\nprivato<br \/>\nAnita Augscheller<\/li>\n<li>Database Associazione turistica Val Passiria:<br \/>\nAssociazione turistica Val Passiria<br \/>\nPfitscher Benjamin<br \/>\nAlex Filz<br \/>\nPetr Blaha<br \/>\nKassian Plangger<\/li>\n<li>gallo rosso<br \/>\nFrieder Blickle<\/li>\n<\/ul>\n<p>&nbsp;<\/p>\n<p><strong>Informazione obbligatoria<\/strong><\/p>\n<p>ai sensi del Regolamento UE n. 524\/2016 del Parlamento europeo e del Consiglio Piattaforma per la risoluzione delle controversie online dei consumatori (ODR) della Commissione europea:\u00a0<a href=\"http:\/\/ec.europa.eu\/consumers\/odr\/\" target=\"_blank\" rel=\"noopener noreferrer\">http:\/\/ec.europa.eu\/consumers\/odr\/<\/a><\/p>\n<div class=\"divider-wrap\" data-alignment=\"default\">\n<div class=\"divider\"><\/div>\n<\/div>\n<p><strong>Indicazioni importanti<\/strong><\/p>\n<p>Tutte le informazioni contenute nella pagina sono protette da diritti d\u2019autore e di propriet\u00e0. L\u2019uso e la diffusione sono riservate esclusivamente ad uso personale. Ogni uso diverso deve essere consentito per iscritto. Questo riguarda soprattutto la riproduzione, traduzione, la riproduzione cinematografica, memorizzazione e diffusione mediate mezzi elettronici.<\/p>\n<div class=\"divider-wrap\" data-alignment=\"default\">\n<div class=\"divider\"><\/div>\n<\/div>\n<p><strong>Esclusione dalla responsabilit\u00e0:<\/strong><\/p>\n<p>Molti \u201elink\u201c conducono dalla pagina internet (\u201eInternetsite\u201c) a pagine esterne gestite e\/o pubblicate da esercizi esterni. Queste pagine non possono essere controllate da noi. Per questo motivo non possiamo assumerci nessuna responsabilit\u00e0 sull\u2019eventuale contenuto. Solo gli esercizi esterni sono responsabili del contenuto di dette pagine. Al momento della messa in rete della nostra pagina web non sono stati riscontrati contenuti illegali. Ci dissociamo da eventuali prese di posizioni contenute nei link esterni. Il nostro sito web viene attualizzato regolarmente. Tuttavia non possiamo garantire la piena esattezza, conformit\u00e0, legittimit\u00e0, attualit\u00e0 e completezza dei dati ivi contenuti.<\/p>\n","protected":false},"excerpt":{"rendered":"<p>Note legali &nbsp; Proprietario e editore Fam. Unterthurner Unterthurnerhof \u201cAusserzaisolthof\u201d via Vernurio 21 39010 Rifiano\/Vernurio Telefono +39 0473 42 82 46 Cellulare +39 345 811 49 18 info@unterthurnerhof.com IVA: 00764760211&#8230;<\/p>\n","protected":false},"author":1,"featured_media":0,"parent":0,"menu_order":97,"comment_status":"closed","ping_status":"closed","template":"","meta":{"footnotes":""},"class_list":["post-2044","page","type-page","status-publish"],"yoast_head":"<!-- This site is optimized with the Yoast SEO plugin v27.1.1 - https:\/\/yoast.com\/product\/yoast-seo-wordpress\/ -->\n<title>Note legali - Unterthurnerhof in Vernuer - Urlaub auf dem Bauernhof in Passeiertal in S\u00fcdtirol<\/title>\n<meta name=\"robots\" content=\"index, follow, max-snippet:-1, max-image-preview:large, max-video-preview:-1\" \/>\n<link rel=\"canonical\" href=\"https:\/\/unterthurnerhof.com\/it\/note-legali\/\" \/>\n<meta property=\"og:locale\" content=\"it_IT\" \/>\n<meta property=\"og:type\" content=\"article\" \/>\n<meta property=\"og:title\" content=\"Note legali - Unterthurnerhof in Vernuer - Urlaub auf dem Bauernhof in Passeiertal in S\u00fcdtirol\" \/>\n<meta property=\"og:description\" content=\"Note legali &nbsp; Proprietario e editore Fam. Unterthurner Unterthurnerhof \u201cAusserzaisolthof\u201d via Vernurio 21 39010 Rifiano\/Vernurio Telefono +39 0473 42 82 46 Cellulare +39 345 811 49 18 info@unterthurnerhof.com IVA: 00764760211...\" \/>\n<meta property=\"og:url\" content=\"https:\/\/unterthurnerhof.com\/it\/note-legali\/\" \/>\n<meta property=\"og:site_name\" content=\"Unterthurnerhof in Vernuer - Urlaub auf dem Bauernhof in Passeiertal in S\u00fcdtirol\" \/>\n<meta property=\"article:modified_time\" content=\"2024-09-24T13:19:25+00:00\" \/>\n<meta property=\"og:image\" content=\"https:\/\/unterthurnerhof.com\/wordpress\/wp-content\/uploads\/2020\/05\/Unterthurnerhhof-Anfahrt-und-Kontakt-1.jpg\" \/>\n\t<meta property=\"og:image:width\" content=\"1920\" \/>\n\t<meta property=\"og:image:height\" content=\"1280\" \/>\n\t<meta property=\"og:image:type\" content=\"image\/jpeg\" \/>\n<script type=\"application\/ld+json\" class=\"yoast-schema-graph\">{\"@context\":\"https:\/\/schema.org\",\"@graph\":[{\"@type\":\"WebPage\",\"@id\":\"https:\/\/unterthurnerhof.com\/it\/note-legali\/\",\"url\":\"https:\/\/unterthurnerhof.com\/it\/note-legali\/\",\"name\":\"Note legali - Unterthurnerhof in Vernuer - Urlaub auf dem Bauernhof in Passeiertal in S\u00fcdtirol\",\"isPartOf\":{\"@id\":\"https:\/\/unterthurnerhof.com\/#website\"},\"datePublished\":\"2018-04-24T13:03:32+00:00\",\"dateModified\":\"2024-09-24T13:19:25+00:00\",\"breadcrumb\":{\"@id\":\"https:\/\/unterthurnerhof.com\/it\/note-legali\/#breadcrumb\"},\"inLanguage\":\"it-IT\",\"potentialAction\":[{\"@type\":\"ReadAction\",\"target\":[\"https:\/\/unterthurnerhof.com\/it\/note-legali\/\"]}]},{\"@type\":\"BreadcrumbList\",\"@id\":\"https:\/\/unterthurnerhof.com\/it\/note-legali\/#breadcrumb\",\"itemListElement\":[{\"@type\":\"ListItem\",\"position\":1,\"name\":\"Start\",\"item\":\"https:\/\/unterthurnerhof.com\/it\/home\/\"},{\"@type\":\"ListItem\",\"position\":2,\"name\":\"Note legali\"}]},{\"@type\":\"WebSite\",\"@id\":\"https:\/\/unterthurnerhof.com\/#website\",\"url\":\"https:\/\/unterthurnerhof.com\/\",\"name\":\"Unterthurnerhof in Vernuer - Urlaub auf dem Bauernhof in Passeiertal in S\u00fcdtirol\",\"description\":\"Ruhig gelegene Doppelzimmer in Vernuer oberhalb von Riffian\",\"publisher\":{\"@id\":\"https:\/\/unterthurnerhof.com\/#organization\"},\"potentialAction\":[{\"@type\":\"SearchAction\",\"target\":{\"@type\":\"EntryPoint\",\"urlTemplate\":\"https:\/\/unterthurnerhof.com\/?s={search_term_string}\"},\"query-input\":{\"@type\":\"PropertyValueSpecification\",\"valueRequired\":true,\"valueName\":\"search_term_string\"}}],\"inLanguage\":\"it-IT\"},{\"@type\":\"Organization\",\"@id\":\"https:\/\/unterthurnerhof.com\/#organization\",\"name\":\"Unterthurnerhof in Vernuer - Urlaub auf dem Bauernhof in Passeiertal in S\u00fcdtirol\",\"url\":\"https:\/\/unterthurnerhof.com\/\",\"logo\":{\"@type\":\"ImageObject\",\"inLanguage\":\"it-IT\",\"@id\":\"https:\/\/unterthurnerhof.com\/#\/schema\/logo\/image\/\",\"url\":\"https:\/\/unterthurnerhof.com\/wordpress\/wp-content\/uploads\/2019\/08\/cropped-Unterthurnerhof-Favicon.png\",\"contentUrl\":\"https:\/\/unterthurnerhof.com\/wordpress\/wp-content\/uploads\/2019\/08\/cropped-Unterthurnerhof-Favicon.png\",\"width\":512,\"height\":512,\"caption\":\"Unterthurnerhof in Vernuer - Urlaub auf dem Bauernhof in Passeiertal in S\u00fcdtirol\"},\"image\":{\"@id\":\"https:\/\/unterthurnerhof.com\/#\/schema\/logo\/image\/\"}}]}<\/script>\n<!-- \/ Yoast SEO plugin. -->","yoast_head_json":{"title":"Note legali - Unterthurnerhof in Vernuer - Urlaub auf dem Bauernhof in Passeiertal in S\u00fcdtirol","robots":{"index":"index","follow":"follow","max-snippet":"max-snippet:-1","max-image-preview":"max-image-preview:large","max-video-preview":"max-video-preview:-1"},"canonical":"https:\/\/unterthurnerhof.com\/it\/note-legali\/","og_locale":"it_IT","og_type":"article","og_title":"Note legali - Unterthurnerhof in Vernuer - Urlaub auf dem Bauernhof in Passeiertal in S\u00fcdtirol","og_description":"Note legali &nbsp; Proprietario e editore Fam. Unterthurner Unterthurnerhof \u201cAusserzaisolthof\u201d via Vernurio 21 39010 Rifiano\/Vernurio Telefono +39 0473 42 82 46 Cellulare +39 345 811 49 18 info@unterthurnerhof.com IVA: 00764760211...","og_url":"https:\/\/unterthurnerhof.com\/it\/note-legali\/","og_site_name":"Unterthurnerhof in Vernuer - Urlaub auf dem Bauernhof in Passeiertal in S\u00fcdtirol","article_modified_time":"2024-09-24T13:19:25+00:00","og_image":[{"width":1920,"height":1280,"url":"https:\/\/unterthurnerhof.com\/wordpress\/wp-content\/uploads\/2020\/05\/Unterthurnerhhof-Anfahrt-und-Kontakt-1.jpg","type":"image\/jpeg"}],"schema":{"@context":"https:\/\/schema.org","@graph":[{"@type":"WebPage","@id":"https:\/\/unterthurnerhof.com\/it\/note-legali\/","url":"https:\/\/unterthurnerhof.com\/it\/note-legali\/","name":"Note legali - Unterthurnerhof in Vernuer - Urlaub auf dem Bauernhof in Passeiertal in S\u00fcdtirol","isPartOf":{"@id":"https:\/\/unterthurnerhof.com\/#website"},"datePublished":"2018-04-24T13:03:32+00:00","dateModified":"2024-09-24T13:19:25+00:00","breadcrumb":{"@id":"https:\/\/unterthurnerhof.com\/it\/note-legali\/#breadcrumb"},"inLanguage":"it-IT","potentialAction":[{"@type":"ReadAction","target":["https:\/\/unterthurnerhof.com\/it\/note-legali\/"]}]},{"@type":"BreadcrumbList","@id":"https:\/\/unterthurnerhof.com\/it\/note-legali\/#breadcrumb","itemListElement":[{"@type":"ListItem","position":1,"name":"Start","item":"https:\/\/unterthurnerhof.com\/it\/home\/"},{"@type":"ListItem","position":2,"name":"Note legali"}]},{"@type":"WebSite","@id":"https:\/\/unterthurnerhof.com\/#website","url":"https:\/\/unterthurnerhof.com\/","name":"Unterthurnerhof in Vernuer - Urlaub auf dem Bauernhof in Passeiertal in S\u00fcdtirol","description":"Ruhig gelegene Doppelzimmer in Vernuer oberhalb von Riffian","publisher":{"@id":"https:\/\/unterthurnerhof.com\/#organization"},"potentialAction":[{"@type":"SearchAction","target":{"@type":"EntryPoint","urlTemplate":"https:\/\/unterthurnerhof.com\/?s={search_term_string}"},"query-input":{"@type":"PropertyValueSpecification","valueRequired":true,"valueName":"search_term_string"}}],"inLanguage":"it-IT"},{"@type":"Organization","@id":"https:\/\/unterthurnerhof.com\/#organization","name":"Unterthurnerhof in Vernuer - Urlaub auf dem Bauernhof in Passeiertal in S\u00fcdtirol","url":"https:\/\/unterthurnerhof.com\/","logo":{"@type":"ImageObject","inLanguage":"it-IT","@id":"https:\/\/unterthurnerhof.com\/#\/schema\/logo\/image\/","url":"https:\/\/unterthurnerhof.com\/wordpress\/wp-content\/uploads\/2019\/08\/cropped-Unterthurnerhof-Favicon.png","contentUrl":"https:\/\/unterthurnerhof.com\/wordpress\/wp-content\/uploads\/2019\/08\/cropped-Unterthurnerhof-Favicon.png","width":512,"height":512,"caption":"Unterthurnerhof in Vernuer - Urlaub auf dem Bauernhof in Passeiertal in S\u00fcdtirol"},"image":{"@id":"https:\/\/unterthurnerhof.com\/#\/schema\/logo\/image\/"}}]}},"_links":{"self":[{"href":"https:\/\/unterthurnerhof.com\/it\/wp-json\/wp\/v2\/pages\/2044","targetHints":{"allow":["GET"]}}],"collection":[{"href":"https:\/\/unterthurnerhof.com\/it\/wp-json\/wp\/v2\/pages"}],"about":[{"href":"https:\/\/unterthurnerhof.com\/it\/wp-json\/wp\/v2\/types\/page"}],"author":[{"embeddable":true,"href":"https:\/\/unterthurnerhof.com\/it\/wp-json\/wp\/v2\/users\/1"}],"replies":[{"embeddable":true,"href":"https:\/\/unterthurnerhof.com\/it\/wp-json\/wp\/v2\/comments?post=2044"}],"version-history":[{"count":8,"href":"https:\/\/unterthurnerhof.com\/it\/wp-json\/wp\/v2\/pages\/2044\/revisions"}],"predecessor-version":[{"id":2991,"href":"https:\/\/unterthurnerhof.com\/it\/wp-json\/wp\/v2\/pages\/2044\/revisions\/2991"}],"wp:attachment":[{"href":"https:\/\/unterthurnerhof.com\/it\/wp-json\/wp\/v2\/media?parent=2044"}],"curies":[{"name":"wp","href":"https:\/\/api.w.org\/{rel}","templated":true}]}}